{"id":1467,"date":"2021-07-08T08:39:29","date_gmt":"2021-07-08T08:39:29","guid":{"rendered":"http:\/\/mireumh.umh.es\/?page_id=1467"},"modified":"2022-03-24T09:35:50","modified_gmt":"2022-03-24T09:35:50","slug":"jornada-de-altas-capacidades-umh","status":"publish","type":"page","link":"https:\/\/mireumh.umh.es\/es\/jornada-de-altas-capacidades-umh\/","title":{"rendered":"Jornada de Altas Capacidades UMH"},"content":{"rendered":"<p>[et_pb_section admin_label=\u00bbsection\u00bb][et_pb_row admin_label=\u00bbrow\u00bb][et_pb_column type=\u00bb4_4&#8243;][et_pb_image admin_label=\u00bbImagen\u00bb src=\u00bbhttp:\/\/mireumh.umh.es\/files\/2018\/01\/LOGO-UMH-FIRMA-EMAIL.jpg\u00bb alt=\u00bbLOGO-UMH\u00bb title_text=\u00bbLOGO-UMH\u00bb show_in_lightbox=\u00bboff\u00bb url_new_window=\u00bboff\u00bb use_overlay=\u00bboff\u00bb animation=\u00bbleft\u00bb sticky=\u00bboff\u00bb align=\u00bbleft\u00bb force_fullwidth=\u00bboff\u00bb always_center_on_mobile=\u00bbon\u00bb use_border_color=\u00bboff\u00bb border_color=\u00bb#ffffff\u00bb border_style=\u00bbsolid\u00bb]<br \/>\n[\/et_pb_image][et_pb_text admin_label=\u00bbTexto\u00bb background_layout=\u00bblight\u00bb text_orientation=\u00bbleft\u00bb use_border_color=\u00bboff\u00bb border_color=\u00bb#ffffff\u00bb border_style=\u00bbsolid\u00bb]<\/p>\n<p><b>I Jornada de Altas Capacidades de la Universidad Miguel Hern\u00e1ndez<\/b><\/p>\n<p>La Universidad Miguel Hern\u00e1ndez ha organizado la I Jornada de Altas Capacidades UMH\u00a0con el objetivo de\u00a0<strong>motivar al alumnado con un alto potencial intelectual fomentando sus intereses a trav\u00e9s de charlas, talleres y actividades l\u00fadicas<\/strong>. Esta acci\u00f3n est\u00e1 <strong>dirigida al alumnado de ESO, Bachillerato y Ciclos Formativos con altas\u00a0capacidades<\/strong> y ha tenido lugar los d\u00edas <strong>28 y 29 de julio de 2021<\/strong>, en sesi\u00f3n matutina, en nuestras instalaciones del Campus de Elche. En las siguientes pesta\u00f1as se puede acceder a la informaci\u00f3n de la Jornada.<\/p>\n<p>Tras la experiencia de esta Jornada, la UMH a puesto en marcha el <strong>Programa de Apoyo a Alumnado con Altas Capacidades<\/strong> que comienza el 25 de marzo de 2022. Puede acceder a la informaci\u00f3n desde el siguiente bot\u00f3n.<\/p>\n<p>[\/et_pb_text][et_pb_button admin_label=\u00bbBot\u00f3n\u00bb url_new_window=\u00bboff\u00bb button_text=\u00bbACCEDA AL PROGRAMA DE APOYO A ALUMNADO CON ALTAS CAPACIDADES UMH\u00bb button_alignment=\u00bbcenter\u00bb background_layout=\u00bblight\u00bb custom_button=\u00bboff\u00bb button_letter_spacing=\u00bb0&#8243; button_use_icon=\u00bbdefault\u00bb button_icon_placement=\u00bbright\u00bb button_on_hover=\u00bbon\u00bb button_letter_spacing_hover=\u00bb0&#8243; button_url=\u00bbhttps:\/\/mireumh.umh.es\/es\/paaac\/\u00bb]<br \/>\n[\/et_pb_button][\/et_pb_column][\/et_pb_row][et_pb_row admin_label=\u00bbFila\u00bb][et_pb_column type=\u00bb4_4&#8243;][et_pb_tabs admin_label=\u00bbPesta\u00f1as\u00bb use_border_color=\u00bboff\u00bb border_color=\u00bb#ffffff\u00bb border_style=\u00bbsolid\u00bb]<\/p>\n<p>[et_pb_tab title=\u00bbCalendario de actividades\u00bb tab_font_select=\u00bbdefault\u00bb tab_font=\u00bb||||\u00bb tab_line_height=\u00bb2em\u00bb tab_line_height_tablet=\u00bb2em\u00bb tab_line_height_phone=\u00bb2em\u00bb body_font_select=\u00bbdefault\u00bb body_font=\u00bb||||\u00bb body_line_height=\u00bb2em\u00bb body_line_height_tablet=\u00bb2em\u00bb body_line_height_phone=\u00bb2em\u00bb]<\/p>\n<table width=\"1027\">\n<tbody>\n<tr>\n<td colspan=\"6\" width=\"1027\"><strong>Mi\u00e9rcoles 27 de julio<\/strong><\/td>\n<\/tr>\n<tr>\n<td width=\"171\"><\/td>\n<td width=\"171\"><strong>Grupo A1 (Programaci\u00f3n<\/strong><\/p>\n<p><strong>\/matem\u00e1ticas)<\/strong><\/td>\n<td width=\"171\"><strong>Grupo B (CCSSJJ y Comunicaci\u00f3n)<\/strong><\/td>\n<td width=\"171\"><strong>Grupo A2 (Programaci\u00f3n<\/strong><\/p>\n<p><strong>\/matem\u00e1ticas)<\/strong><\/td>\n<td width=\"171\"><strong>Grupo C (Ingenier\u00eda)<\/strong><\/td>\n<td width=\"171\"><strong>Familias<\/strong><\/td>\n<\/tr>\n<tr>\n<td width=\"171\">09:00 \u2013 10:00<\/td>\n<td colspan=\"4\" width=\"685\">Recepci\u00f3n y presentaci\u00f3n. Aula Magna, ALTABIX<\/td>\n<td width=\"171\"><\/td>\n<\/tr>\n<tr>\n<td width=\"171\">10:00 \u2013 11:00<\/td>\n<td width=\"171\">Taller: Arte y Mates (Arte y matem\u00e1ticas a trav\u00e9s de la inform\u00e1tica). A BIA<\/td>\n<td width=\"171\">Taller: Justicia y Mujeres: escape room virtual. P ARRABAL, A. ORTEGA, S MORENO y M.C. ORT\u00cdZ<\/td>\n<td width=\"171\">Taller: Nuevos retos en la ingenier\u00eda mec\u00e1nica. El futuro de la simulaci\u00f3n por ordenador. D ABELL\u00c1N y F. J. SIM\u00d3N y M. FABRA<\/td>\n<td width=\"171\">Taller: Dise\u00f1o 3D (dise\u00f1o de piezas y principios b\u00e1sicos de resistividad de puentes). L \u00c1LVAREZ<\/td>\n<td width=\"171\">Charla de asesoramiento para las familias. R. Mart\u00ednez, Co-Directora de SUBRIDE Centro Multidisciplinar<\/td>\n<\/tr>\n<tr>\n<td width=\"171\">11:00 \u2013 11:30<\/td>\n<td colspan=\"4\" width=\"685\">Almuerzo<\/td>\n<td width=\"171\"><\/td>\n<\/tr>\n<tr>\n<td width=\"171\">11:30 \u2013 12:30<\/td>\n<td width=\"171\">Taller: Aprende Inteligencia Artificial con juegos y desaf\u00edos. JL SAINZ-PARDO<\/td>\n<td width=\"171\">Taller de radio. RADIO UMH<\/td>\n<td width=\"171\">Taller: Arduino (sistemas autom\u00e1ticos y programaci\u00f3n). L \u00c1LVAREZ<\/td>\n<td width=\"171\">Taller: Descubriendo cosas curiosas del mundo con Geolocalizaci\u00f3n. A BIA<\/td>\n<td width=\"171\"><\/td>\n<\/tr>\n<tr>\n<td width=\"171\">12:30 \u2013 13:30<\/td>\n<td width=\"171\">Taller: Aprende Inteligencia Artificial con juegos y desaf\u00edos. JL SAINZ-PARDO<\/td>\n<td width=\"171\">Taller: Quiero ser periodista. M JURADO<\/td>\n<td width=\"171\">Taller: Arduino (sistemas autom\u00e1ticos y programaci\u00f3n). L \u00c1LVAREZ<\/td>\n<td width=\"171\">Taller: Descubriendo cosas curiosas del mundo con Geolocalizaci\u00f3n. A BIA<\/td>\n<td width=\"171\"><\/td>\n<\/tr>\n<tr>\n<td width=\"171\">13:30 \u2013 14:00<\/td>\n<td width=\"171\">Visita Rob\u00f3tica<\/td>\n<td width=\"171\">Visita plat\u00f3s.<\/td>\n<td width=\"171\">Visita Rob\u00f3tica<\/td>\n<td width=\"171\">Visita Rob\u00f3tica<\/td>\n<td width=\"171\"><\/td>\n<\/tr>\n<tr>\n<td colspan=\"6\" width=\"1027\"><strong>Mi\u00e9rcoles 27 de julio<\/strong><\/td>\n<\/tr>\n<tr>\n<td width=\"171\"><\/td>\n<td width=\"171\">Grupo A1 (Inform\u00e1tica\/matem\u00e1ticas)<\/td>\n<td width=\"171\">Grupo B (CCSSJJ)<\/td>\n<td width=\"171\">Grupo A2 (Inform\u00e1tica\/matem\u00e1ticas)<\/td>\n<td width=\"171\">Grupo C (Ingenier\u00eda)<\/td>\n<td width=\"171\"><\/td>\n<\/tr>\n<tr>\n<td width=\"171\">10:00 \u2013 11:00<\/td>\n<td width=\"171\">Taller: Nuevos retos en la ingenier\u00eda mec\u00e1nica. El futuro de la simulaci\u00f3n por ordenador. D ABELL\u00c1N y F. J. SIM\u00d3N y M. FABRA<\/td>\n<td width=\"171\">Taller: Infograf\u00eda. El poder del lenguaje gr\u00e1fico B IVARS<\/td>\n<td width=\"171\">Taller: Arte y Mates (Arte y matem\u00e1ticas a trav\u00e9s de la inform\u00e1tica). A BIA<\/td>\n<td width=\"171\">Taller: Generaci\u00f3n de electricidad (sistemas el\u00e9ctricos, corriente el\u00e9ctrica y potencia). L \u00c1LVAREZ<\/td>\n<td width=\"171\"><\/td>\n<\/tr>\n<tr>\n<td width=\"171\">11:00 \u2013 11:30<\/td>\n<td colspan=\"4\" width=\"685\">Almuerzo<\/td>\n<td width=\"171\"><\/td>\n<\/tr>\n<tr>\n<td width=\"171\">11:30 \u2013 12:30<\/td>\n<td width=\"171\">Taller: Arduino (sistemas autom\u00e1ticos y programaci\u00f3n). L \u00c1LVAREZ<\/td>\n<td width=\"171\">Taller: Modelado y texturizado de personajes 3D. Crea tu Funko. A MANTILLA y F MART\u00cdNEZ<\/td>\n<td width=\"171\">Taller: Aprende Inteligencia Artificial con juegos y desaf\u00edos. JL SAINZ-PARDO<\/td>\n<td width=\"171\">Taller: Arte y Mates (Arte y matem\u00e1ticas a trav\u00e9s de la inform\u00e1tica). A BIA<\/td>\n<td width=\"171\"><\/td>\n<\/tr>\n<tr>\n<td width=\"171\">12:30 \u2013 13:30<\/td>\n<td width=\"171\">Taller: Arduino (sistemas autom\u00e1ticos y programaci\u00f3n). L \u00c1LVAREZ<\/td>\n<td width=\"171\">Modelado y texturizado de personajes 3D. Crea tu Funko. A MANTILLA y F MART\u00cdNEZ<\/td>\n<td width=\"171\">Taller: Aprende Inteligencia Artificial con juegos y desaf\u00edos. JL SAINZ-PARDO<\/td>\n<td width=\"171\">Taller: Nuevos retos en la ingenier\u00eda mec\u00e1nica. El futuro de la simulaci\u00f3n por ordenador. D ABELL\u00c1N y F. J. SIM\u00d3N y M. FABRA<\/td>\n<td width=\"171\"><\/td>\n<\/tr>\n<tr>\n<td width=\"171\">13:30 \u2013 14:30<\/td>\n<td colspan=\"4\" width=\"685\">Charla para el alumnado con Altas Capacidades R. MART\u00cdNEZ de SUBRIDE<br \/>\nDespedida y entrega de diplomas. Aula Magna, ALTABIX<\/td>\n<td width=\"171\"><\/td>\n<\/tr>\n<\/tbody>\n<\/table>\n<p>[\/et_pb_tab][et_pb_tab title=\u00bbDescripci\u00f3n de Actividades para estudiantes\u00bb tab_font_select=\u00bbdefault\u00bb tab_font=\u00bb||||\u00bb tab_line_height=\u00bb2em\u00bb tab_line_height_tablet=\u00bb2em\u00bb tab_line_height_phone=\u00bb2em\u00bb body_font_select=\u00bbdefault\u00bb body_font=\u00bb||||\u00bb body_line_height=\u00bb2em\u00bb body_line_height_tablet=\u00bb2em\u00bb body_line_height_phone=\u00bb2em\u00bb]<\/p>\n<h5><strong>En esta pesta\u00f1a se incluyen las actividades a desarrollar por el alumnado participante.\u00a0<\/strong><strong>Todas las actividades son gratuitas:<\/strong><\/h5>\n<p><strong>Charla\u00a0para el\u00a0alumnado con Altas Capacidades<\/strong> a cargo de Ruth Mart\u00ednez,\u00a0Co-Directora de SUBRIDE Centro Multidisciplinar (<a href=\"http:\/\/www.centrosubride.com\/\" target=\"_blank\" rel=\"noreferrer\" data-saferedirecturl=\"https:\/\/www.google.com\/url?q=http:\/\/www.centrosubride.com&amp;source=gmail&amp;ust=1627291404196000&amp;usg=AFQjCNHtm34346b_XuERYYWwslZszS993w\">www.centrosubride.com<\/a>). Se ofrece una explicaci\u00f3n\u00a0sobre su funcionamiento cerebral,\u00a0caracter\u00edsticas comunes, tipo de talento, dificultades emocionales y\u00a0sobre todo: b\u00fasqueda de soluciones.<\/p>\n<p><strong>Dise\u00f1o 3D<\/strong>. Ingenier\u00eda. Dise\u00f1o de piezas y principios b\u00e1sicos de resistividad de puentes.<\/p>\n<p><strong>Arduino<\/strong>. Ingenier\u00eda. Sistemas autom\u00e1ticos y programaci\u00f3n.<\/p>\n<p><strong>Generaci\u00f3n de electricidad<\/strong>. Ingenier\u00eda. Sistemas el\u00e9ctricos, corriente el\u00e9ctrica y potencia.<\/p>\n<p><strong>Visualizaci\u00f3n de la informaci\u00f3n<\/strong>. Comunicaci\u00f3n. Introducir en la infograf\u00eda y la visualizaci\u00f3n de la informaci\u00f3n. Conocer qu\u00e9 informaciones se transmiten mediante la infograf\u00eda, sus finalidades y sus recursos. Aplicar estos conocimientos.<\/p>\n<p><strong>Aprende Inteligencia Artificial con juegos y desaf\u00edos.<\/strong>\u00a0Se\u00a0pretende el auto-aprendizaje de los fundamentos de distintas t\u00e9cnicas de Inteligencia Artificial y ciencia de datos mediante la exposici\u00f3n de distintos juegos, retos y preguntas para ser resueltas por el alumnado de forma guiada. De esta forma, &#8216;reinventaremos&#8217; de forma colaborativa distintas t\u00e9cnicas b\u00e1sicas de Inteligencia Artificial aplicadas para: * agrupamiento autom\u00e1tico, * clasificaci\u00f3n autom\u00e1tica, * previsi\u00f3n autom\u00e1tica, * optimizaci\u00f3n autom\u00e1tica. Finalmente, aplicaremos las t\u00e9cnicas desarrolladas a casos y datos reales mediante el programa de Ciencia de Datos R-Studio.<\/p>\n<p><strong>Descubriendo cosas curiosas del mundo con Geolocalizaci\u00f3n.<\/strong>\u00a0Se explica\u00a0qu\u00e9 es la geolocalizaci\u00f3n, los sistemas GPS, A-GPS, Glonass, Beidou y Galileo, localizaci\u00f3n por IP, WiFi y otros m\u00e9todos, y se muestran ejemplos de aplicaciones curiosas e interesantes. Se mostrar\u00e1n casos interesantes usando herramientas existentes como Strava Labs, Google Maps, tr\u00e1fico mar\u00edtimo, tr\u00e1fico a\u00e9reo, seguimiento de vuelos, etc. y\u00a0el desarrollo de una aplicaci\u00f3n de bajo coste para control de vuelos de ultraligeros basada en m\u00f3viles y servidores Web, \u00abA poor man\u2019s air control system for ultralight aviation based on GPS data and G3 mobile communications\u00bb, presentado en el congreso DATA 2013.<\/p>\n<p><strong>Arte y Mates (Arte y matem\u00e1ticas a trav\u00e9s de la inform\u00e1tica)<\/strong>.\u00a0Se\u00a0explica el uso de programas inform\u00e1ticos de visualizaci\u00f3n que, mediante ecuaciones matem\u00e1ticas, permiten crear formas tridimensionales con belleza art\u00edstica. La presentaci\u00f3n es interactiva, permitiendo a los visitantes crear o modificar figuras.<\/p>\n<p><strong>Justicia y Mujeres: Escape Room virtual.<\/strong>\u00a0Esta actividad de gamificaci\u00f3n consiste en una serie de retos sobre una tem\u00e1tica concreta que las personas participantes deben resolver hasta llegar al final de todos ellos. En esta ocasi\u00f3n, los desaf\u00edos versan sobre los derechos de las mujeres a lo largo del tiempo, que cada participante conocer\u00e1 junto a Elisa, la protagonista de la historia, una mujer del futuro que viaja en el tiempo. Las preguntas son sobre Derecho y ODS. El juego ofrece el material y la informaci\u00f3n para su resoluci\u00f3n a trav\u00e9s de din\u00e1micas interactivas.<\/p>\n<p><strong>Modelado y texturizado de personajes 3D. Crea tu Funko.\u00a0<\/strong>Se trabaja\u00a0modelado estructural de la base del personaje (Funko) con el software Autodesk Maya LT (30 minutos) y, posteriormente, se trabaja el modelado avanzado y texturizado del personaje con el software Autodesk Mudbox y Adobe Photoshop. Finalmente, se procesan los renderizados (procesado final de la imagen) tras experimentar con la posici\u00f3n de luces en la escena y los diferentes acabados de render.<\/p>\n<p><strong>Nuevos retos en la ingenier\u00eda mec\u00e1nica. El futuro de la simulaci\u00f3n por ordenador.<\/strong>\u00a0Primero,\u00a0se mostrar\u00e1n ejemplos de las aplicaciones m\u00e1s novedosas de simulaciones por ordenador aplicados a la ingenier\u00eda mec\u00e1nica, desde un punto de vista multidisciplinar y centr\u00e1ndose en los campos m\u00e1s actuales (biomec\u00e1nica, medicina, aerodin\u00e1mica, seguridad en el transporte, automovilismo de competici\u00f3n,&#8230;).\u00a0A continuaci\u00f3n, el alumnado personalizar\u00e1 y simular\u00e1, con ayuda del profesorado, una f\u00e9rula de inmovilizaci\u00f3n de un brazo (aplicaci\u00f3n m\u00e9dica de la ingenier\u00eda mec\u00e1nica). Se mostrar\u00e1n distintas versiones de dicha f\u00e9rula impresa en 3D.<\/p>\n<p><strong>Quiero ser periodista.\u00a0<\/strong>Aproximaci\u00f3n a las t\u00e9cnicas y modos de trabajo de la redacci\u00f3n period\u00edstica. La sesi\u00f3n se centrar\u00e1 en el g\u00e9nero de la entrevista.<\/p>\n<p>[\/et_pb_tab][et_pb_tab title=\u00bbDescripci\u00f3n de actividades para las familias\u00bb tab_font_select=\u00bbdefault\u00bb tab_font=\u00bb||||\u00bb tab_line_height=\u00bb2em\u00bb tab_line_height_tablet=\u00bb2em\u00bb tab_line_height_phone=\u00bb2em\u00bb body_font_select=\u00bbdefault\u00bb body_font=\u00bb||||\u00bb body_line_height=\u00bb2em\u00bb body_line_height_tablet=\u00bb2em\u00bb body_line_height_phone=\u00bb2em\u00bb]<\/p>\n<h5><strong>En esta pesta\u00f1a se incluyen las actividades\u00a0propuestas para las familias\u00a0del alumnado participante. Todas las actividades son gratuitas:<\/strong><\/h5>\n<p><strong>Charla\u00a0para\u00a0las familias<\/strong>\u00a0a cargo de Ruth Mart\u00ednez,\u00a0Co-Directora de SUBRIDE Centro Multidisciplinar (<a href=\"http:\/\/www.centrosubride.com\/\" target=\"_blank\" rel=\"noreferrer\" data-saferedirecturl=\"https:\/\/www.google.com\/url?q=http:\/\/www.centrosubride.com&amp;source=gmail&amp;ust=1627291404196000&amp;usg=AFQjCNHtm34346b_XuERYYWwslZszS993w\">www.centrosubride.com<\/a>).<\/p>\n<p>D\u00eda <strong>28 de julio a las 10:00 horas en el Aula Magna<\/strong> del edificio Altabix del Campus de Elche. Duraci\u00f3n aproximada de 60 minutos. Para asistir es necesario inscribirse antes de las 18:00 horas del 27 de julio y recibir la confirmaci\u00f3n de su plaza por email. El aforo es limitado.<\/p>\n<p style=\"text-align: center;\"><a title=\"QUIERO INSCRIBIRME\" href=\"https:\/\/forms.gle\/bMugoK4pqi4h271u7\" target=\"_blank\"><a href='https:\/\/forms.gle\/bMugoK4pqi4h271u7' class='small-button smallblue' target=\"_blank\">QUIERO INSCRIBIRME<\/a><\/a><\/p>\n<p>[\/et_pb_tab]<\/p>\n<p>[\/et_pb_tabs][\/et_pb_column][\/et_pb_row][\/et_pb_section]<\/p>","protected":false},"excerpt":{"rendered":"<p>I Jornada de Altas Capacidades de la Universidad Miguel Hern\u00e1ndez La Universidad Miguel Hern\u00e1ndez ha organizado la I Jornada de Altas Capacidades UMH\u00a0con el objetivo de\u00a0motivar al alumnado con un alto potencial intelectual fomentando sus intereses a trav\u00e9s de charlas, talleres y actividades l\u00fadicas. Esta acci\u00f3n est\u00e1 dirigida al alumnado de ESO, Bachillerato y Ciclos [&hellip;]<\/p>\n","protected":false},"author":662,"featured_media":0,"parent":0,"menu_order":0,"comment_status":"open","ping_status":"open","template":"","meta":{"_et_pb_use_builder":"on","_et_pb_old_content":"","_et_gb_content_width":"","_links_to":"","_links_to_target":""},"_links":{"self":[{"href":"https:\/\/mireumh.umh.es\/es\/wp-json\/wp\/v2\/pages\/1467"}],"collection":[{"href":"https:\/\/mireumh.umh.es\/es\/wp-json\/wp\/v2\/pages"}],"about":[{"href":"https:\/\/mireumh.umh.es\/es\/wp-json\/wp\/v2\/types\/page"}],"author":[{"embeddable":true,"href":"https:\/\/mireumh.umh.es\/es\/wp-json\/wp\/v2\/users\/662"}],"replies":[{"embeddable":true,"href":"https:\/\/mireumh.umh.es\/es\/wp-json\/wp\/v2\/comments?post=1467"}],"version-history":[{"count":0,"href":"https:\/\/mireumh.umh.es\/es\/wp-json\/wp\/v2\/pages\/1467\/revisions"}],"wp:attachment":[{"href":"https:\/\/mireumh.umh.es\/es\/wp-json\/wp\/v2\/media?parent=1467"}],"curies":[{"name":"wp","href":"https:\/\/api.w.org\/{rel}","templated":true}]}}