{"id":386,"date":"2017-10-23T11:59:28","date_gmt":"2017-10-23T11:59:28","guid":{"rendered":"http:\/\/mireumh.umh.es\/?page_id=386"},"modified":"2026-01-15T10:15:38","modified_gmt":"2026-01-15T09:15:38","slug":"olimpiadas-y-certamenes","status":"publish","type":"page","link":"https:\/\/mireumh.umh.es\/ca\/olimpiadas-y-certamenes\/","title":{"rendered":"(es) Olimpiadas en la Universidad Miguel Hern\u00e1ndez"},"content":{"rendered":"<p>[et_pb_section fb_built=&#8221;1&#8243; _builder_version=&#8221;4.16&#8243; global_colors_info=&#8221;{}&#8221;][et_pb_row _builder_version=&#8221;4.16&#8243; background_size=&#8221;initial&#8221; background_position=&#8221;top_left&#8221; background_repeat=&#8221;repeat&#8221; global_colors_info=&#8221;{}&#8221;][et_pb_column type=&#8221;4_4&#8243; _builder_version=&#8221;4.16&#8243; custom_padding=&#8221;|||&#8221; global_colors_info=&#8221;{}&#8221; custom_padding__hover=&#8221;|||&#8221;][et_pb_text _builder_version=&#8221;4.17.4&#8243; background_size=&#8221;initial&#8221; background_position=&#8221;top_left&#8221; background_repeat=&#8221;repeat&#8221; hover_enabled=&#8221;0&#8243; global_colors_info=&#8221;{}&#8221; sticky_enabled=&#8221;0&#8243;]<\/p>\n<p>La Universidad Miguel Hern\u00e1ndez\u00a0 es la sede en la que se desarrollan las pruebas de la fase local de las Olimpiadas Matem\u00e1ticas, Qu\u00edmica, F\u00edsica y Econom\u00eda destinadas a alumnos de ense\u00f1anza secundaria.<\/p>\n<p style=\"text-align: center;\"><a href='https:\/\/olimpfisica.umh.es\/' class='big-button bigblue'>Olimpiada F\u00edsica<\/a><\/p>\n<p style=\"text-align: center;\"><a href='http:\/\/mireumh.umh.es\/es\/olimpiada-matematicas\/' class='big-button bigorange'>Olimpiada Matem\u00e1ticas<\/a><\/p>\n<p style=\"text-align: center;\"><a href='http:\/\/mireumh.edu.umh.es\/es\/disfruta-de-actividades-en-nuestro-campus\/olimpiadas-y-certamenes\/olimpiada-de-quimica-fase-local-umh\/' class='big-button biggreen'>Olimpiadas Qu\u00edmica<\/a><\/p>\n<p style=\"text-align: center;\"><a href='http:\/\/mireumh.umh.es\/?p=1183' class='big-button bigred'>Olimpiadas Econom\u00eda<\/a><\/p>\n<p>[\/et_pb_text][\/et_pb_column][\/et_pb_row][\/et_pb_section][et_pb_section fb_built=&#8221;1&#8243; _builder_version=&#8221;4.17.4&#8243; _module_preset=&#8221;default&#8221; global_colors_info=&#8221;{}&#8221;][et_pb_row _builder_version=&#8221;4.17.4&#8243; _module_preset=&#8221;default&#8221; global_colors_info=&#8221;{}&#8221;][et_pb_column type=&#8221;4_4&#8243; _builder_version=&#8221;4.17.4&#8243; _module_preset=&#8221;default&#8221; global_colors_info=&#8221;{}&#8221;][:es _i=&#8221;0&#8243; _address=&#8221;1.0.0.0&#8243; theme_builder_area=&#8221;post_content&#8221; \/][: _i=&#8221;1&#8243; _address=&#8221;1.0.0.1&#8243; theme_builder_area=&#8221;post_content&#8221; \/][\/et_pb_column][\/et_pb_row][\/et_pb_section]<\/p>\n","protected":false},"excerpt":{"rendered":"<p>La Universidad Miguel Hern\u00e1ndez\u00a0 es la sede en la que se desarrollan las pruebas de la fase local de las Olimpiadas Matem\u00e1ticas, Qu\u00edmica, F\u00edsica y Econom\u00eda destinadas a alumnos de ense\u00f1anza secundaria. <a href='https:\/\/olimpfisica.umh.es\/' class='big-button bigblue'>Olimpiada F\u00edsica<\/a> <a href='http:\/\/mireumh.umh.es\/es\/olimpiada-matematicas\/' class='big-button bigorange'>Olimpiada Matem\u00e1ticas<\/a> <a href='http:\/\/mireumh.edu.umh.es\/es\/disfruta-de-actividades-en-nuestro-campus\/olimpiadas-y-certamenes\/olimpiada-de-quimica-fase-local-umh\/' class='big-button biggreen'>Olimpiadas Qu\u00edmica<\/a> <a href='http:\/\/mireumh.umh.es\/?p=1183' class='big-button bigred'>Olimpiadas Econom\u00eda<\/a>[:es _i=&#8221;0&#8243; [&hellip;]<\/p>\n","protected":false},"author":53,"featured_media":0,"parent":0,"menu_order":60,"comment_status":"open","ping_status":"open","template":"","meta":{"_et_pb_use_builder":"on","_et_pb_old_content":"La Universidad Miguel Hern\u00e1ndez\u00a0 es la sede en la que se desarrollan las pruebas de la fase local de las Olimpiadas Matem\u00e1ticas, Qu\u00edmica, F\u00edsica y Econom\u00eda destinadas a alumnos de ense\u00f1anza secundaria.\r\n<p style=\"text-align: center;\">[button link=\"http:\/\/mireumh.umh.es\/es\/olimpiada-fisica\/\" type=\"big\"] Olimpiada F\u00edsica[\/button]<\/p>\r\n<p style=\"text-align: center;\">[button link=\"http:\/\/mireumh.umh.es\/es\/olimpiada-matematicas\/\" type=\"big\" color=\"orange\"] Olimpiada Matem\u00e1ticas[\/button]<\/p>\r\n<p style=\"text-align: center;\">[button link=\"http:\/\/mireumh.edu.umh.es\/es\/disfruta-de-actividades-en-nuestro-campus\/olimpiadas-y-certamenes\/olimpiada-de-quimica-fase-local-umh\/\" type=\"big\" color=\"green\"] Olimpiadas Qu\u00edmica[\/button]<\/p>\r\n<p style=\"text-align: center;\">[button link=\"http:\/\/mireumh.umh.es\/?p=1183\"\u00a0type=\"big\" color=\"red\"] Olimpiadas Econom\u00eda[\/button]<\/p>","_et_gb_content_width":"","_links_to":"","_links_to_target":""},"_links":{"self":[{"href":"https:\/\/mireumh.umh.es\/ca\/wp-json\/wp\/v2\/pages\/386"}],"collection":[{"href":"https:\/\/mireumh.umh.es\/ca\/wp-json\/wp\/v2\/pages"}],"about":[{"href":"https:\/\/mireumh.umh.es\/ca\/wp-json\/wp\/v2\/types\/page"}],"author":[{"embeddable":true,"href":"https:\/\/mireumh.umh.es\/ca\/wp-json\/wp\/v2\/users\/53"}],"replies":[{"embeddable":true,"href":"https:\/\/mireumh.umh.es\/ca\/wp-json\/wp\/v2\/comments?post=386"}],"version-history":[{"count":0,"href":"https:\/\/mireumh.umh.es\/ca\/wp-json\/wp\/v2\/pages\/386\/revisions"}],"wp:attachment":[{"href":"https:\/\/mireumh.umh.es\/ca\/wp-json\/wp\/v2\/media?parent=386"}],"curies":[{"name":"wp","href":"https:\/\/api.w.org\/{rel}","templated":true}]}}